{"id":13525,"date":"2024-04-10T19:35:48","date_gmt":"2024-04-10T17:35:48","guid":{"rendered":"https:\/\/carmenmariamayz.academy\/tocadosonline\/?post_type=product&#038;p=13525"},"modified":"2024-04-10T19:38:53","modified_gmt":"2024-04-10T17:38:53","slug":"pago-online-de-tocado-personalizado","status":"publish","type":"product","link":"https:\/\/carmenmariamayz.academy\/tocadosonline\/producto\/pago-online-de-tocado-personalizado\/","title":{"rendered":"PAGO ONLINE DE TOCADO PERSONALIZADO."},"content":{"rendered":"","protected":false},"excerpt":{"rendered":"<h1><span style=\"color: #800000;\">COMPLETAR PAGO TOCADO PERSONALIZADO<\/span><\/h1>\n<p><strong>Antes de usar plataforma de pago se requiere siempre un contacto previo con nosotros (mail, tel\u00e9fono, Instagram, Facebook)\u00a0 para definir el dise\u00f1o y presupuestar.<\/strong><\/p>\n<h1><span style=\"color: #800000;\">SOLO PARA PAGO FUERA DE EUROPA (EN DOLARES). Por favor, lee atentamente las siguientes instrucciones.<\/span><\/h1>\n<p>Generalmente, en el presupuesto previamente pactado, ya se han incluido los gastos de env\u00edo si los requiere, por lo que no se contemplan en este formulario de pago.<\/p>\n<p>Para realizar el pago debes seguir las siguientes instrucciones:<\/p>\n<p>Introduce el valor a pagar previamente pactado.<\/p>\n<p>1- El valor debes introducirlo en d\u00f3lares (US$), indistintamente del s\u00edmbolo que te aparezca en la cuadricula, este cambiar\u00e1 a d\u00f3lares al a\u00f1adirlo al carrito\u00a0 y a continuaci\u00f3n haces clic en <span style=\"color: #3366ff;\">&#8220;A\u00f1adir a carrito&#8221;<\/span>. I<strong>ntroducir el valor num\u00e9rico, sin puntos ni s\u00edmbolos y evitando decimales.<\/strong><\/p>\n<p>2- En el carrito comprueba que todo es correcto, que el s\u00edmbolo est\u00e1 en d\u00f3lares (US$) y a continuaci\u00f3n haces clic en\u00a0<span style=\"color: #3366ff;\"> &#8220;Finalizar compra&#8221;<\/span><\/p>\n<p>3- Rellena todos \u00a0tus datos, eliges forma de pago y haces clic en\u00a0 <span style=\"color: #3366ff;\">&#8220;Realizar Pedido&#8221;.<\/span><\/p>\n<p>4- Al pasar a la plataforma de pago, ya sea tarjeta o Paypal, comprueba que todo es correcto y\u00a0 Terminas el pago.<\/p>\n<p>5- Una vez termines el pago, env\u00edanos un mail con todos los datos para el envi\u00f3 info@carmenmariamayz.com y procederemos con tu pedido.<\/p>\n","protected":false},"featured_media":11761,"template":"","meta":{"ocean_post_layout":"","ocean_both_sidebars_style":"","ocean_both_sidebars_content_width":0,"ocean_both_sidebars_sidebars_width":0,"ocean_sidebar":"0","ocean_second_sidebar":"0","ocean_disable_margins":"enable","ocean_add_body_class":"","ocean_shortcode_before_top_bar":"","ocean_shortcode_after_top_bar":"","ocean_shortcode_before_header":"","ocean_shortcode_after_header":"","ocean_has_shortcode":"","ocean_shortcode_after_title":"","ocean_shortcode_before_footer_widgets":"","ocean_shortcode_after_footer_widgets":"","ocean_shortcode_before_footer_bottom":"","ocean_shortcode_after_footer_bottom":"","ocean_display_top_bar":"default","ocean_display_header":"default","ocean_header_style":"","ocean_center_header_left_menu":"0","ocean_custom_header_template":"0","ocean_custom_logo":0,"ocean_custom_retina_logo":0,"ocean_custom_logo_max_width":0,"ocean_custom_logo_tablet_max_width":0,"ocean_custom_logo_mobile_max_width":0,"ocean_custom_logo_max_height":0,"ocean_custom_logo_tablet_max_height":0,"ocean_custom_logo_mobile_max_height":0,"ocean_header_custom_menu":"0","ocean_menu_typo_font_family":"0","ocean_menu_typo_font_subset":"","ocean_menu_typo_font_size":0,"ocean_menu_typo_font_size_tablet":0,"ocean_menu_typo_font_size_mobile":0,"ocean_menu_typo_font_size_unit":"px","ocean_menu_typo_font_weight":"","ocean_menu_typo_font_weight_tablet":"","ocean_menu_typo_font_weight_mobile":"","ocean_menu_typo_transform":"","ocean_menu_typo_transform_tablet":"","ocean_menu_typo_transform_mobile":"","ocean_menu_typo_line_height":0,"ocean_menu_typo_line_height_tablet":0,"ocean_menu_typo_line_height_mobile":0,"ocean_menu_typo_line_height_unit":"","ocean_menu_typo_spacing":0,"ocean_menu_typo_spacing_tablet":0,"ocean_menu_typo_spacing_mobile":0,"ocean_menu_typo_spacing_unit":"","ocean_menu_link_color":"","ocean_menu_link_color_hover":"","ocean_menu_link_color_active":"","ocean_menu_link_background":"","ocean_menu_link_hover_background":"","ocean_menu_link_active_background":"","ocean_menu_social_links_bg":"","ocean_menu_social_hover_links_bg":"","ocean_menu_social_links_color":"","ocean_menu_social_hover_links_color":"","ocean_disable_title":"on","ocean_disable_heading":"default","ocean_post_title":"","ocean_post_subheading":"","ocean_post_title_style":"","ocean_post_title_background_color":"","ocean_post_title_background":0,"ocean_post_title_bg_image_position":"","ocean_post_title_bg_image_attachment":"","ocean_post_title_bg_image_repeat":"","ocean_post_title_bg_image_size":"","ocean_post_title_height":0,"ocean_post_title_bg_overlay":0.5,"ocean_post_title_bg_overlay_color":"","ocean_disable_breadcrumbs":"default","ocean_breadcrumbs_color":"","ocean_breadcrumbs_separator_color":"","ocean_breadcrumbs_links_color":"","ocean_breadcrumbs_links_hover_color":"","ocean_display_footer_widgets":"default","ocean_display_footer_bottom":"default","ocean_custom_footer_template":"0"},"product_brand":[],"product_cat":[65],"product_tag":[],"class_list":{"0":"post-13525","1":"product","2":"type-product","3":"status-publish","4":"has-post-thumbnail","6":"product_cat-pago-final","8":"entry","9":"has-media","11":"first","12":"instock","13":"virtual","14":"sold-individually","15":"taxable","16":"purchasable","17":"product-type-simple","18":"has-product-nav","19":"col","20":"span_1_of_3","21":"owp-content-center","22":"owp-thumbs-layout-horizontal","23":"owp-btn-normal","24":"owp-tabs-layout-horizontal","25":"has-no-thumbnails"},"_links":{"self":[{"href":"https:\/\/carmenmariamayz.academy\/tocadosonline\/wp-json\/wp\/v2\/product\/13525","targetHints":{"allow":["GET"]}}],"collection":[{"href":"https:\/\/carmenmariamayz.academy\/tocadosonline\/wp-json\/wp\/v2\/product"}],"about":[{"href":"https:\/\/carmenmariamayz.academy\/tocadosonline\/wp-json\/wp\/v2\/types\/product"}],"wp:featuredmedia":[{"embeddable":true,"href":"https:\/\/carmenmariamayz.academy\/tocadosonline\/wp-json\/wp\/v2\/media\/11761"}],"wp:attachment":[{"href":"https:\/\/carmenmariamayz.academy\/tocadosonline\/wp-json\/wp\/v2\/media?parent=13525"}],"wp:term":[{"taxonomy":"product_brand","embeddable":true,"href":"https:\/\/carmenmariamayz.academy\/tocadosonline\/wp-json\/wp\/v2\/product_brand?post=13525"},{"taxonomy":"product_cat","embeddable":true,"href":"https:\/\/carmenmariamayz.academy\/tocadosonline\/wp-json\/wp\/v2\/product_cat?post=13525"},{"taxonomy":"product_tag","embeddable":true,"href":"https:\/\/carmenmariamayz.academy\/tocadosonline\/wp-json\/wp\/v2\/product_tag?post=13525"}],"curies":[{"name":"wp","href":"https:\/\/api.w.org\/{rel}","templated":true}]}}